{"id":2,"date":"2024-01-01T19:15:05","date_gmt":"2024-01-01T19:15:05","guid":{"rendered":"https:\/\/videokonferans.net\/?page_id=2"},"modified":"2024-01-07T11:59:21","modified_gmt":"2024-01-07T11:59:21","slug":"ideahub-s2","status":"publish","type":"page","link":"https:\/\/videokonferans.net\/?page_id=2","title":{"rendered":"ideahub S2"},"content":{"rendered":"\n<p>Huawei ideahub T\u00fcrkiye  \u0130LK VE TEK Yetkili Distribution Da\u011f\u0131t\u0131m partneri MSK Global g\u00fcvencesiyle<\/p>\n\n\n\n<blockquote class=\"wp-block-quote is-layout-flow wp-block-quote-is-layout-flow\">\n<p>Huawei ideahub S2 s\u0131n\u0131f\u0131n\u0131n en \u00fcst seviye konferans deneyimini sunan ak\u0131ll\u0131 tahtad\u0131r. Bir \u00e7ok y\u00f6n\u00fcyle rakiplerinin \u00e7ok \u00f6n\u00fcnde olan bu \u00fcr\u00fcn ile ofisniz hem fonksiyonellik hem de prestij kazan\u0131r.<\/p>\n<\/blockquote>\n\n\n\n<p>ideahub ile neler yapabilirsiniz? <\/p>\n\n\n\n<blockquote class=\"wp-block-quote is-layout-flow wp-block-quote-is-layout-flow\">\n<p>-Sunum ekran\u0131<br>-Windows \u00fczerinde \u00e7al\u0131\u015fma<br>-Kablosuz Ekran payla\u015f\u0131m\u0131<br>-Ta\u015f\u0131nabilirlik<\/p>\n\n\n\n<p>-Kendi toplant\u0131n\u0131 getir \u00f6zelli\u011fi ile 4K ekran ve 4K kamera ile toplant\u0131 imkan\u0131<br>-Akustik Baffel \u00f6zelli\u011fi ile \u00e7izilen alan d\u0131\u015f\u0131ndan ses almama<br>-Ki\u015fiye \u00f6zel zoom ve konu\u015fan\u0131 takip etme \u00f6zelli\u011fi<\/p>\n\n\n\n<p>-16ms ekran\u0131 ile ak\u0131ll\u0131 tahta<br>-Sunumlar\u0131 QR , Mail , ya da NFC ile payla\u015fma imkan\u0131<\/p>\n<\/blockquote>\n\n\n\n<p>Huawei ideahub s2 video konferans \u00f6zellikli ak\u0131ll\u0131 tahtan\u0131z\u0131 anlatarak veya okuyarak tam tecr\u00fcbe edememi\u015f olabilirsiniz. <a href=\"mailto:ideahub@videokonferans.net\">ideahub@videokonferans.net<\/a> \u00fczerinden Bize ula\u015farak demo i\u00e7in rezervasyon olu\u015fturabilir ve  en do\u011fru proje fiyat\u0131n\u0131 alabilirsiniz. <br><br><\/p>\n","protected":false},"excerpt":{"rendered":"<p>Huawei ideahub T\u00fcrkiye \u0130LK VE TEK Yetkili Distribution Da\u011f\u0131t\u0131m partneri MSK Global g\u00fcvencesiyle Huawei ideahub S2 s\u0131n\u0131f\u0131n\u0131n en \u00fcst seviye konferans deneyimini sunan ak\u0131ll\u0131 tahtad\u0131r. Bir \u00e7ok y\u00f6n\u00fcyle rakiplerinin \u00e7ok \u00f6n\u00fcnde olan bu \u00fcr\u00fcn ile ofisniz hem fonksiyonellik hem de prestij kazan\u0131r. ideahub ile neler yapabilirsiniz? -Sunum ekran\u0131-Windows \u00fczerinde \u00e7al\u0131\u015fma-Kablosuz Ekran payla\u015f\u0131m\u0131-Ta\u015f\u0131nabilirlik -Kendi toplant\u0131n\u0131 getir [&hellip;]<\/p>\n","protected":false},"author":1,"featured_media":22,"parent":0,"menu_order":0,"comment_status":"closed","ping_status":"closed","template":"","meta":{"footnotes":""},"class_list":["post-2","page","type-page","status-publish","has-post-thumbnail","hentry"],"yoast_head":"<!-- This site is optimized with the Yoast SEO plugin v23.8 - https:\/\/yoast.com\/wordpress\/plugins\/seo\/ -->\n<title>ideahub S2 - Kusursuz Video Konferans Deneyimi<\/title>\n<meta name=\"description\" content=\"Huawei ideahub s2 video konferans cihaz\u0131 ve t\u00fcmle\u015fik ak\u0131ll\u0131 tahta t\u00fcrkiye \u0130LK ve TEK distrib\u00fct\u00f6r\u00fc MSK Global Elektronik\" \/>\n<meta name=\"robots\" content=\"index, follow, max-snippet:-1, max-image-preview:large, max-video-preview:-1\" \/>\n<link rel=\"canonical\" href=\"https:\/\/videokonferans.net\/?page_id=2\" \/>\n<meta property=\"og:locale\" content=\"tr_TR\" \/>\n<meta property=\"og:type\" content=\"article\" \/>\n<meta property=\"og:title\" content=\"ideahub S2 - Kusursuz Video Konferans Deneyimi\" \/>\n<meta property=\"og:description\" content=\"Huawei ideahub s2 video konferans cihaz\u0131 ve t\u00fcmle\u015fik ak\u0131ll\u0131 tahta t\u00fcrkiye \u0130LK ve TEK distrib\u00fct\u00f6r\u00fc MSK Global Elektronik\" \/>\n<meta property=\"og:url\" content=\"https:\/\/videokonferans.net\/?page_id=2\" \/>\n<meta property=\"og:site_name\" content=\"Kusursuz Video Konferans Deneyimi\" \/>\n<meta property=\"article:publisher\" content=\"https:\/\/www.facebook.com\/mskglobal\/\" \/>\n<meta property=\"article:modified_time\" content=\"2024-01-07T11:59:21+00:00\" \/>\n<meta property=\"og:image\" content=\"https:\/\/videokonferans.net\/wp-content\/uploads\/2024\/01\/huawei-ideahub-1.jpg\" \/>\n\t<meta property=\"og:image:width\" content=\"1024\" \/>\n\t<meta property=\"og:image:height\" content=\"724\" \/>\n\t<meta property=\"og:image:type\" content=\"image\/jpeg\" \/>\n<meta name=\"twitter:card\" content=\"summary_large_image\" \/>\n<meta name=\"twitter:label1\" content=\"Tahmini okuma s\u00fcresi\" \/>\n\t<meta name=\"twitter:data1\" content=\"1 dakika\" \/>\n<script type=\"application\/ld+json\" class=\"yoast-schema-graph\">{\"@context\":\"https:\/\/schema.org\",\"@graph\":[{\"@type\":\"WebPage\",\"@id\":\"https:\/\/videokonferans.net\/?page_id=2\",\"url\":\"https:\/\/videokonferans.net\/?page_id=2\",\"name\":\"ideahub S2 - Kusursuz Video Konferans Deneyimi\",\"isPartOf\":{\"@id\":\"https:\/\/videokonferans.net\/#website\"},\"primaryImageOfPage\":{\"@id\":\"https:\/\/videokonferans.net\/?page_id=2#primaryimage\"},\"image\":{\"@id\":\"https:\/\/videokonferans.net\/?page_id=2#primaryimage\"},\"thumbnailUrl\":\"https:\/\/videokonferans.net\/wp-content\/uploads\/2024\/01\/huawei-ideahub-1.jpg\",\"datePublished\":\"2024-01-01T19:15:05+00:00\",\"dateModified\":\"2024-01-07T11:59:21+00:00\",\"description\":\"Huawei ideahub s2 video konferans cihaz\u0131 ve t\u00fcmle\u015fik ak\u0131ll\u0131 tahta t\u00fcrkiye \u0130LK ve TEK distrib\u00fct\u00f6r\u00fc MSK Global Elektronik\",\"breadcrumb\":{\"@id\":\"https:\/\/videokonferans.net\/?page_id=2#breadcrumb\"},\"inLanguage\":\"tr\",\"potentialAction\":[{\"@type\":\"ReadAction\",\"target\":[\"https:\/\/videokonferans.net\/?page_id=2\"]}]},{\"@type\":\"ImageObject\",\"inLanguage\":\"tr\",\"@id\":\"https:\/\/videokonferans.net\/?page_id=2#primaryimage\",\"url\":\"https:\/\/videokonferans.net\/wp-content\/uploads\/2024\/01\/huawei-ideahub-1.jpg\",\"contentUrl\":\"https:\/\/videokonferans.net\/wp-content\/uploads\/2024\/01\/huawei-ideahub-1.jpg\",\"width\":1024,\"height\":724},{\"@type\":\"BreadcrumbList\",\"@id\":\"https:\/\/videokonferans.net\/?page_id=2#breadcrumb\",\"itemListElement\":[{\"@type\":\"ListItem\",\"position\":1,\"name\":\"Anasayfa\",\"item\":\"https:\/\/videokonferans.net\/\"},{\"@type\":\"ListItem\",\"position\":2,\"name\":\"ideahub S2\"}]},{\"@type\":\"WebSite\",\"@id\":\"https:\/\/videokonferans.net\/#website\",\"url\":\"https:\/\/videokonferans.net\/\",\"name\":\"Kusursuz Video Konferans Deneyimi\",\"description\":\"Huawei ideahub ile ofisinize prestij getirin\",\"publisher\":{\"@id\":\"https:\/\/videokonferans.net\/#organization\"},\"potentialAction\":[{\"@type\":\"SearchAction\",\"target\":{\"@type\":\"EntryPoint\",\"urlTemplate\":\"https:\/\/videokonferans.net\/?s={search_term_string}\"},\"query-input\":{\"@type\":\"PropertyValueSpecification\",\"valueRequired\":true,\"valueName\":\"search_term_string\"}}],\"inLanguage\":\"tr\"},{\"@type\":\"Organization\",\"@id\":\"https:\/\/videokonferans.net\/#organization\",\"name\":\"Kusursuz Video Konferans Deneyimi\",\"url\":\"https:\/\/videokonferans.net\/\",\"logo\":{\"@type\":\"ImageObject\",\"inLanguage\":\"tr\",\"@id\":\"https:\/\/videokonferans.net\/#\/schema\/logo\/image\/\",\"url\":\"https:\/\/videokonferans.net\/wp-content\/uploads\/2024\/01\/cropped-huawei-ideahub-2.jpg\",\"contentUrl\":\"https:\/\/videokonferans.net\/wp-content\/uploads\/2024\/01\/cropped-huawei-ideahub-2.jpg\",\"width\":512,\"height\":512,\"caption\":\"Kusursuz Video Konferans Deneyimi\"},\"image\":{\"@id\":\"https:\/\/videokonferans.net\/#\/schema\/logo\/image\/\"},\"sameAs\":[\"https:\/\/www.facebook.com\/mskglobal\/\",\"https:\/\/www.youtube.com\/@mskglobal\",\"https:\/\/www.instagram.com\/msk.global\/\",\"https:\/\/tr.linkedin.com\/company\/msk-global-elektronik\"]}]}<\/script>\n<!-- \/ Yoast SEO plugin. -->","yoast_head_json":{"title":"ideahub S2 - Kusursuz Video Konferans Deneyimi","description":"Huawei ideahub s2 video konferans cihaz\u0131 ve t\u00fcmle\u015fik ak\u0131ll\u0131 tahta t\u00fcrkiye \u0130LK ve TEK distrib\u00fct\u00f6r\u00fc MSK Global Elektronik","robots":{"index":"index","follow":"follow","max-snippet":"max-snippet:-1","max-image-preview":"max-image-preview:large","max-video-preview":"max-video-preview:-1"},"canonical":"https:\/\/videokonferans.net\/?page_id=2","og_locale":"tr_TR","og_type":"article","og_title":"ideahub S2 - Kusursuz Video Konferans Deneyimi","og_description":"Huawei ideahub s2 video konferans cihaz\u0131 ve t\u00fcmle\u015fik ak\u0131ll\u0131 tahta t\u00fcrkiye \u0130LK ve TEK distrib\u00fct\u00f6r\u00fc MSK Global Elektronik","og_url":"https:\/\/videokonferans.net\/?page_id=2","og_site_name":"Kusursuz Video Konferans Deneyimi","article_publisher":"https:\/\/www.facebook.com\/mskglobal\/","article_modified_time":"2024-01-07T11:59:21+00:00","og_image":[{"width":1024,"height":724,"url":"https:\/\/videokonferans.net\/wp-content\/uploads\/2024\/01\/huawei-ideahub-1.jpg","type":"image\/jpeg"}],"twitter_card":"summary_large_image","twitter_misc":{"Tahmini okuma s\u00fcresi":"1 dakika"},"schema":{"@context":"https:\/\/schema.org","@graph":[{"@type":"WebPage","@id":"https:\/\/videokonferans.net\/?page_id=2","url":"https:\/\/videokonferans.net\/?page_id=2","name":"ideahub S2 - Kusursuz Video Konferans Deneyimi","isPartOf":{"@id":"https:\/\/videokonferans.net\/#website"},"primaryImageOfPage":{"@id":"https:\/\/videokonferans.net\/?page_id=2#primaryimage"},"image":{"@id":"https:\/\/videokonferans.net\/?page_id=2#primaryimage"},"thumbnailUrl":"https:\/\/videokonferans.net\/wp-content\/uploads\/2024\/01\/huawei-ideahub-1.jpg","datePublished":"2024-01-01T19:15:05+00:00","dateModified":"2024-01-07T11:59:21+00:00","description":"Huawei ideahub s2 video konferans cihaz\u0131 ve t\u00fcmle\u015fik ak\u0131ll\u0131 tahta t\u00fcrkiye \u0130LK ve TEK distrib\u00fct\u00f6r\u00fc MSK Global Elektronik","breadcrumb":{"@id":"https:\/\/videokonferans.net\/?page_id=2#breadcrumb"},"inLanguage":"tr","potentialAction":[{"@type":"ReadAction","target":["https:\/\/videokonferans.net\/?page_id=2"]}]},{"@type":"ImageObject","inLanguage":"tr","@id":"https:\/\/videokonferans.net\/?page_id=2#primaryimage","url":"https:\/\/videokonferans.net\/wp-content\/uploads\/2024\/01\/huawei-ideahub-1.jpg","contentUrl":"https:\/\/videokonferans.net\/wp-content\/uploads\/2024\/01\/huawei-ideahub-1.jpg","width":1024,"height":724},{"@type":"BreadcrumbList","@id":"https:\/\/videokonferans.net\/?page_id=2#breadcrumb","itemListElement":[{"@type":"ListItem","position":1,"name":"Anasayfa","item":"https:\/\/videokonferans.net\/"},{"@type":"ListItem","position":2,"name":"ideahub S2"}]},{"@type":"WebSite","@id":"https:\/\/videokonferans.net\/#website","url":"https:\/\/videokonferans.net\/","name":"Kusursuz Video Konferans Deneyimi","description":"Huawei ideahub ile ofisinize prestij getirin","publisher":{"@id":"https:\/\/videokonferans.net\/#organization"},"potentialAction":[{"@type":"SearchAction","target":{"@type":"EntryPoint","urlTemplate":"https:\/\/videokonferans.net\/?s={search_term_string}"},"query-input":{"@type":"PropertyValueSpecification","valueRequired":true,"valueName":"search_term_string"}}],"inLanguage":"tr"},{"@type":"Organization","@id":"https:\/\/videokonferans.net\/#organization","name":"Kusursuz Video Konferans Deneyimi","url":"https:\/\/videokonferans.net\/","logo":{"@type":"ImageObject","inLanguage":"tr","@id":"https:\/\/videokonferans.net\/#\/schema\/logo\/image\/","url":"https:\/\/videokonferans.net\/wp-content\/uploads\/2024\/01\/cropped-huawei-ideahub-2.jpg","contentUrl":"https:\/\/videokonferans.net\/wp-content\/uploads\/2024\/01\/cropped-huawei-ideahub-2.jpg","width":512,"height":512,"caption":"Kusursuz Video Konferans Deneyimi"},"image":{"@id":"https:\/\/videokonferans.net\/#\/schema\/logo\/image\/"},"sameAs":["https:\/\/www.facebook.com\/mskglobal\/","https:\/\/www.youtube.com\/@mskglobal","https:\/\/www.instagram.com\/msk.global\/","https:\/\/tr.linkedin.com\/company\/msk-global-elektronik"]}]}},"_links":{"self":[{"href":"https:\/\/videokonferans.net\/index.php?rest_route=\/wp\/v2\/pages\/2","targetHints":{"allow":["GET"]}}],"collection":[{"href":"https:\/\/videokonferans.net\/index.php?rest_route=\/wp\/v2\/pages"}],"about":[{"href":"https:\/\/videokonferans.net\/index.php?rest_route=\/wp\/v2\/types\/page"}],"author":[{"embeddable":true,"href":"https:\/\/videokonferans.net\/index.php?rest_route=\/wp\/v2\/users\/1"}],"replies":[{"embeddable":true,"href":"https:\/\/videokonferans.net\/index.php?rest_route=%2Fwp%2Fv2%2Fcomments&post=2"}],"version-history":[{"count":2,"href":"https:\/\/videokonferans.net\/index.php?rest_route=\/wp\/v2\/pages\/2\/revisions"}],"predecessor-version":[{"id":42,"href":"https:\/\/videokonferans.net\/index.php?rest_route=\/wp\/v2\/pages\/2\/revisions\/42"}],"wp:featuredmedia":[{"embeddable":true,"href":"https:\/\/videokonferans.net\/index.php?rest_route=\/wp\/v2\/media\/22"}],"wp:attachment":[{"href":"https:\/\/videokonferans.net\/index.php?rest_route=%2Fwp%2Fv2%2Fmedia&parent=2"}],"curies":[{"name":"wp","href":"https:\/\/api.w.org\/{rel}","templated":true}]}}