{"id":47,"date":"2024-01-07T12:26:24","date_gmt":"2024-01-07T12:26:24","guid":{"rendered":"https:\/\/videokonferans.net\/?page_id=47"},"modified":"2024-01-07T12:26:24","modified_gmt":"2024-01-07T12:26:24","slug":"ideahub-b2-3","status":"publish","type":"page","link":"https:\/\/videokonferans.net\/?page_id=47","title":{"rendered":"IdeaHub B2"},"content":{"rendered":"\n<p>Kusursuz videokonferans\u0131n ekonomik \u00e7\u00f6z\u00fcm\u00fc<\/p>\n\n\n\n<figure class=\"wp-block-image size-full\"><img loading=\"lazy\" decoding=\"async\" width=\"800\" height=\"800\" src=\"https:\/\/videokonferans.net\/wp-content\/uploads\/2024\/01\/ideahub-b2-1.png\" alt=\"\" class=\"wp-image-48\" srcset=\"https:\/\/videokonferans.net\/wp-content\/uploads\/2024\/01\/ideahub-b2-1.png 800w, https:\/\/videokonferans.net\/wp-content\/uploads\/2024\/01\/ideahub-b2-1-300x300.png 300w, https:\/\/videokonferans.net\/wp-content\/uploads\/2024\/01\/ideahub-b2-1-150x150.png 150w, https:\/\/videokonferans.net\/wp-content\/uploads\/2024\/01\/ideahub-b2-1-768x768.png 768w\" sizes=\"auto, (max-width: 800px) 100vw, 800px\" \/><\/figure>\n\n\n\n<p>HUAWEI IdeaHub B2, HD bulut konferans\u0131 sunan yeni nesil ak\u0131ll\u0131 toplant\u0131 panelidir. <br>Ta\u015f\u0131nabilir olarak kullan\u0131labilir. <br>\u00c7ift Wi-Fi tasar\u0131m\u0131 ve optik anti-mavi \u0131\u015f\u0131k \u00f6zelli\u011fiyle, toplant\u0131 odalar\u0131, y\u00f6netici ofisleri ve a\u00e7\u0131k ofis alanlar\u0131 da dahil olmak \u00fczere birden fazla ofis ortam\u0131 i\u00e7in m\u00fckemmel, y\u00fcksek teknoloji \u00fcr\u00fcn\u00fc bir projeksiyon ve yazma deneyimi sunar.<br><br><\/p>\n\n\n\n<figure class=\"wp-block-image size-large\"><img loading=\"lazy\" decoding=\"async\" width=\"1024\" height=\"397\" src=\"https:\/\/videokonferans.net\/wp-content\/uploads\/2024\/01\/ideahub-b2-kis-1024x397.png\" alt=\"\" class=\"wp-image-49\" srcset=\"https:\/\/videokonferans.net\/wp-content\/uploads\/2024\/01\/ideahub-b2-kis-1024x397.png 1024w, https:\/\/videokonferans.net\/wp-content\/uploads\/2024\/01\/ideahub-b2-kis-300x116.png 300w, https:\/\/videokonferans.net\/wp-content\/uploads\/2024\/01\/ideahub-b2-kis-768x298.png 768w, https:\/\/videokonferans.net\/wp-content\/uploads\/2024\/01\/ideahub-b2-kis.png 1421w\" sizes=\"auto, (max-width: 1024px) 100vw, 1024px\" \/><\/figure>\n\n\n\n<p>4K 1,5 \u03bcm g\u00f6r\u00fcnt\u00fc sens\u00f6r\u00fc<br>D\u00fc\u015f\u00fck g\u00fcr\u00fclt\u00fcl\u00fc ve ger\u00e7ek\u00e7i g\u00f6r\u00fcnt\u00fcler<br>Sinematik ses deneyimi i\u00e7in 3D ses alan\u0131<br>550 cm3 ultra b\u00fcy\u00fck hoparl\u00f6r | Maks. 95 dB ses bas\u0131n\u00e7 seviyesi<br>Uzun mesafeden net ses al\u0131m\u0131 <br>Alt\u0131 mikrofon dizisi | 10 metrelik ses alma mesafesi <br>Reverse control = Ters kontrol \u00f6zelli\u011fi ile Ekrandan PC yi kontrol edin<br><\/p>\n\n\n\n<figure class=\"wp-block-image size-large is-resized\"><img loading=\"lazy\" decoding=\"async\" width=\"1024\" height=\"465\" src=\"https:\/\/videokonferans.net\/wp-content\/uploads\/2024\/01\/ideahub-b2-ekran-yansitma-nasil-yapilir-1024x465.png\" alt=\"\" class=\"wp-image-50\" style=\"width:760px;height:auto\" srcset=\"https:\/\/videokonferans.net\/wp-content\/uploads\/2024\/01\/ideahub-b2-ekran-yansitma-nasil-yapilir-1024x465.png 1024w, https:\/\/videokonferans.net\/wp-content\/uploads\/2024\/01\/ideahub-b2-ekran-yansitma-nasil-yapilir-300x136.png 300w, https:\/\/videokonferans.net\/wp-content\/uploads\/2024\/01\/ideahub-b2-ekran-yansitma-nasil-yapilir-768x349.png 768w, https:\/\/videokonferans.net\/wp-content\/uploads\/2024\/01\/ideahub-b2-ekran-yansitma-nasil-yapilir.png 1427w\" sizes=\"auto, (max-width: 1024px) 100vw, 1024px\" \/><\/figure>\n\n\n\n<p>Daha fazlas\u0131 i\u00e7in bize ula\u015f\u0131n 0212 324 48 44  <a href=\"ideahub@videokonferans.net\">ideahub@videokonferans.net <\/a><br><a href=\"http:\/\/www.videokonferans.net\">www.videokonferans.net<\/a>  <\/p>\n","protected":false},"excerpt":{"rendered":"<p>Kusursuz videokonferans\u0131n ekonomik \u00e7\u00f6z\u00fcm\u00fc HUAWEI IdeaHub B2, HD bulut konferans\u0131 sunan yeni nesil ak\u0131ll\u0131 toplant\u0131 panelidir. Ta\u015f\u0131nabilir olarak kullan\u0131labilir. \u00c7ift Wi-Fi tasar\u0131m\u0131 ve optik anti-mavi \u0131\u015f\u0131k \u00f6zelli\u011fiyle, toplant\u0131 odalar\u0131, y\u00f6netici ofisleri ve a\u00e7\u0131k ofis alanlar\u0131 da dahil olmak \u00fczere birden fazla ofis ortam\u0131 i\u00e7in m\u00fckemmel, y\u00fcksek teknoloji \u00fcr\u00fcn\u00fc bir projeksiyon ve yazma deneyimi sunar. 4K [&hellip;]<\/p>\n","protected":false},"author":1,"featured_media":0,"parent":0,"menu_order":0,"comment_status":"closed","ping_status":"closed","template":"","meta":{"footnotes":""},"class_list":["post-47","page","type-page","status-publish","hentry"],"yoast_head":"<!-- This site is optimized with the Yoast SEO plugin v23.8 - https:\/\/yoast.com\/wordpress\/plugins\/seo\/ -->\n<title>IdeaHub B2 - Kusursuz Video Konferans Deneyimi<\/title>\n<meta name=\"description\" content=\"Huawei ideahub B2 video konferans ak\u0131ll\u0131 tahta modeli daha ekonomik olarak t\u00fcm ofisler ve okullar i\u00e7in optimum \u00e7\u00f6z\u00fcmd\u00fcr.Distrib\u00fct\u00f6r MSK Global\" \/>\n<meta name=\"robots\" content=\"index, follow, max-snippet:-1, max-image-preview:large, max-video-preview:-1\" \/>\n<link rel=\"canonical\" href=\"https:\/\/videokonferans.net\/?page_id=47\" \/>\n<meta property=\"og:locale\" content=\"tr_TR\" \/>\n<meta property=\"og:type\" content=\"article\" \/>\n<meta property=\"og:title\" content=\"IdeaHub B2 - Kusursuz Video Konferans Deneyimi\" \/>\n<meta property=\"og:description\" content=\"Huawei ideahub B2 video konferans ak\u0131ll\u0131 tahta modeli daha ekonomik olarak t\u00fcm ofisler ve okullar i\u00e7in optimum \u00e7\u00f6z\u00fcmd\u00fcr.Distrib\u00fct\u00f6r MSK Global\" \/>\n<meta property=\"og:url\" content=\"https:\/\/videokonferans.net\/?page_id=47\" \/>\n<meta property=\"og:site_name\" content=\"Kusursuz Video Konferans Deneyimi\" \/>\n<meta property=\"article:publisher\" content=\"https:\/\/www.facebook.com\/mskglobal\/\" \/>\n<meta property=\"og:image\" content=\"https:\/\/videokonferans.net\/wp-content\/uploads\/2024\/01\/ideahub-b2-1.png\" \/>\n<meta name=\"twitter:card\" content=\"summary_large_image\" \/>\n<meta name=\"twitter:label1\" content=\"Tahmini okuma s\u00fcresi\" \/>\n\t<meta name=\"twitter:data1\" content=\"2 dakika\" \/>\n<script type=\"application\/ld+json\" class=\"yoast-schema-graph\">{\"@context\":\"https:\/\/schema.org\",\"@graph\":[{\"@type\":\"WebPage\",\"@id\":\"https:\/\/videokonferans.net\/?page_id=47\",\"url\":\"https:\/\/videokonferans.net\/?page_id=47\",\"name\":\"IdeaHub B2 - Kusursuz Video Konferans Deneyimi\",\"isPartOf\":{\"@id\":\"https:\/\/videokonferans.net\/#website\"},\"primaryImageOfPage\":{\"@id\":\"https:\/\/videokonferans.net\/?page_id=47#primaryimage\"},\"image\":{\"@id\":\"https:\/\/videokonferans.net\/?page_id=47#primaryimage\"},\"thumbnailUrl\":\"https:\/\/videokonferans.net\/wp-content\/uploads\/2024\/01\/ideahub-b2-1.png\",\"datePublished\":\"2024-01-07T12:26:24+00:00\",\"dateModified\":\"2024-01-07T12:26:24+00:00\",\"description\":\"Huawei ideahub B2 video konferans ak\u0131ll\u0131 tahta modeli daha ekonomik olarak t\u00fcm ofisler ve okullar i\u00e7in optimum \u00e7\u00f6z\u00fcmd\u00fcr.Distrib\u00fct\u00f6r MSK Global\",\"breadcrumb\":{\"@id\":\"https:\/\/videokonferans.net\/?page_id=47#breadcrumb\"},\"inLanguage\":\"tr\",\"potentialAction\":[{\"@type\":\"ReadAction\",\"target\":[\"https:\/\/videokonferans.net\/?page_id=47\"]}]},{\"@type\":\"ImageObject\",\"inLanguage\":\"tr\",\"@id\":\"https:\/\/videokonferans.net\/?page_id=47#primaryimage\",\"url\":\"https:\/\/videokonferans.net\/wp-content\/uploads\/2024\/01\/ideahub-b2-1.png\",\"contentUrl\":\"https:\/\/videokonferans.net\/wp-content\/uploads\/2024\/01\/ideahub-b2-1.png\",\"width\":800,\"height\":800},{\"@type\":\"BreadcrumbList\",\"@id\":\"https:\/\/videokonferans.net\/?page_id=47#breadcrumb\",\"itemListElement\":[{\"@type\":\"ListItem\",\"position\":1,\"name\":\"Anasayfa\",\"item\":\"https:\/\/videokonferans.net\/\"},{\"@type\":\"ListItem\",\"position\":2,\"name\":\"IdeaHub B2\"}]},{\"@type\":\"WebSite\",\"@id\":\"https:\/\/videokonferans.net\/#website\",\"url\":\"https:\/\/videokonferans.net\/\",\"name\":\"Kusursuz Video Konferans Deneyimi\",\"description\":\"Huawei ideahub ile ofisinize prestij getirin\",\"publisher\":{\"@id\":\"https:\/\/videokonferans.net\/#organization\"},\"potentialAction\":[{\"@type\":\"SearchAction\",\"target\":{\"@type\":\"EntryPoint\",\"urlTemplate\":\"https:\/\/videokonferans.net\/?s={search_term_string}\"},\"query-input\":{\"@type\":\"PropertyValueSpecification\",\"valueRequired\":true,\"valueName\":\"search_term_string\"}}],\"inLanguage\":\"tr\"},{\"@type\":\"Organization\",\"@id\":\"https:\/\/videokonferans.net\/#organization\",\"name\":\"Kusursuz Video Konferans Deneyimi\",\"url\":\"https:\/\/videokonferans.net\/\",\"logo\":{\"@type\":\"ImageObject\",\"inLanguage\":\"tr\",\"@id\":\"https:\/\/videokonferans.net\/#\/schema\/logo\/image\/\",\"url\":\"https:\/\/videokonferans.net\/wp-content\/uploads\/2024\/01\/cropped-huawei-ideahub-2.jpg\",\"contentUrl\":\"https:\/\/videokonferans.net\/wp-content\/uploads\/2024\/01\/cropped-huawei-ideahub-2.jpg\",\"width\":512,\"height\":512,\"caption\":\"Kusursuz Video Konferans Deneyimi\"},\"image\":{\"@id\":\"https:\/\/videokonferans.net\/#\/schema\/logo\/image\/\"},\"sameAs\":[\"https:\/\/www.facebook.com\/mskglobal\/\",\"https:\/\/www.youtube.com\/@mskglobal\",\"https:\/\/www.instagram.com\/msk.global\/\",\"https:\/\/tr.linkedin.com\/company\/msk-global-elektronik\"]}]}<\/script>\n<!-- \/ Yoast SEO plugin. -->","yoast_head_json":{"title":"IdeaHub B2 - Kusursuz Video Konferans Deneyimi","description":"Huawei ideahub B2 video konferans ak\u0131ll\u0131 tahta modeli daha ekonomik olarak t\u00fcm ofisler ve okullar i\u00e7in optimum \u00e7\u00f6z\u00fcmd\u00fcr.Distrib\u00fct\u00f6r MSK Global","robots":{"index":"index","follow":"follow","max-snippet":"max-snippet:-1","max-image-preview":"max-image-preview:large","max-video-preview":"max-video-preview:-1"},"canonical":"https:\/\/videokonferans.net\/?page_id=47","og_locale":"tr_TR","og_type":"article","og_title":"IdeaHub B2 - Kusursuz Video Konferans Deneyimi","og_description":"Huawei ideahub B2 video konferans ak\u0131ll\u0131 tahta modeli daha ekonomik olarak t\u00fcm ofisler ve okullar i\u00e7in optimum \u00e7\u00f6z\u00fcmd\u00fcr.Distrib\u00fct\u00f6r MSK Global","og_url":"https:\/\/videokonferans.net\/?page_id=47","og_site_name":"Kusursuz Video Konferans Deneyimi","article_publisher":"https:\/\/www.facebook.com\/mskglobal\/","og_image":[{"url":"https:\/\/videokonferans.net\/wp-content\/uploads\/2024\/01\/ideahub-b2-1.png"}],"twitter_card":"summary_large_image","twitter_misc":{"Tahmini okuma s\u00fcresi":"2 dakika"},"schema":{"@context":"https:\/\/schema.org","@graph":[{"@type":"WebPage","@id":"https:\/\/videokonferans.net\/?page_id=47","url":"https:\/\/videokonferans.net\/?page_id=47","name":"IdeaHub B2 - Kusursuz Video Konferans Deneyimi","isPartOf":{"@id":"https:\/\/videokonferans.net\/#website"},"primaryImageOfPage":{"@id":"https:\/\/videokonferans.net\/?page_id=47#primaryimage"},"image":{"@id":"https:\/\/videokonferans.net\/?page_id=47#primaryimage"},"thumbnailUrl":"https:\/\/videokonferans.net\/wp-content\/uploads\/2024\/01\/ideahub-b2-1.png","datePublished":"2024-01-07T12:26:24+00:00","dateModified":"2024-01-07T12:26:24+00:00","description":"Huawei ideahub B2 video konferans ak\u0131ll\u0131 tahta modeli daha ekonomik olarak t\u00fcm ofisler ve okullar i\u00e7in optimum \u00e7\u00f6z\u00fcmd\u00fcr.Distrib\u00fct\u00f6r MSK Global","breadcrumb":{"@id":"https:\/\/videokonferans.net\/?page_id=47#breadcrumb"},"inLanguage":"tr","potentialAction":[{"@type":"ReadAction","target":["https:\/\/videokonferans.net\/?page_id=47"]}]},{"@type":"ImageObject","inLanguage":"tr","@id":"https:\/\/videokonferans.net\/?page_id=47#primaryimage","url":"https:\/\/videokonferans.net\/wp-content\/uploads\/2024\/01\/ideahub-b2-1.png","contentUrl":"https:\/\/videokonferans.net\/wp-content\/uploads\/2024\/01\/ideahub-b2-1.png","width":800,"height":800},{"@type":"BreadcrumbList","@id":"https:\/\/videokonferans.net\/?page_id=47#breadcrumb","itemListElement":[{"@type":"ListItem","position":1,"name":"Anasayfa","item":"https:\/\/videokonferans.net\/"},{"@type":"ListItem","position":2,"name":"IdeaHub B2"}]},{"@type":"WebSite","@id":"https:\/\/videokonferans.net\/#website","url":"https:\/\/videokonferans.net\/","name":"Kusursuz Video Konferans Deneyimi","description":"Huawei ideahub ile ofisinize prestij getirin","publisher":{"@id":"https:\/\/videokonferans.net\/#organization"},"potentialAction":[{"@type":"SearchAction","target":{"@type":"EntryPoint","urlTemplate":"https:\/\/videokonferans.net\/?s={search_term_string}"},"query-input":{"@type":"PropertyValueSpecification","valueRequired":true,"valueName":"search_term_string"}}],"inLanguage":"tr"},{"@type":"Organization","@id":"https:\/\/videokonferans.net\/#organization","name":"Kusursuz Video Konferans Deneyimi","url":"https:\/\/videokonferans.net\/","logo":{"@type":"ImageObject","inLanguage":"tr","@id":"https:\/\/videokonferans.net\/#\/schema\/logo\/image\/","url":"https:\/\/videokonferans.net\/wp-content\/uploads\/2024\/01\/cropped-huawei-ideahub-2.jpg","contentUrl":"https:\/\/videokonferans.net\/wp-content\/uploads\/2024\/01\/cropped-huawei-ideahub-2.jpg","width":512,"height":512,"caption":"Kusursuz Video Konferans Deneyimi"},"image":{"@id":"https:\/\/videokonferans.net\/#\/schema\/logo\/image\/"},"sameAs":["https:\/\/www.facebook.com\/mskglobal\/","https:\/\/www.youtube.com\/@mskglobal","https:\/\/www.instagram.com\/msk.global\/","https:\/\/tr.linkedin.com\/company\/msk-global-elektronik"]}]}},"_links":{"self":[{"href":"https:\/\/videokonferans.net\/index.php?rest_route=\/wp\/v2\/pages\/47","targetHints":{"allow":["GET"]}}],"collection":[{"href":"https:\/\/videokonferans.net\/index.php?rest_route=\/wp\/v2\/pages"}],"about":[{"href":"https:\/\/videokonferans.net\/index.php?rest_route=\/wp\/v2\/types\/page"}],"author":[{"embeddable":true,"href":"https:\/\/videokonferans.net\/index.php?rest_route=\/wp\/v2\/users\/1"}],"replies":[{"embeddable":true,"href":"https:\/\/videokonferans.net\/index.php?rest_route=%2Fwp%2Fv2%2Fcomments&post=47"}],"version-history":[{"count":1,"href":"https:\/\/videokonferans.net\/index.php?rest_route=\/wp\/v2\/pages\/47\/revisions"}],"predecessor-version":[{"id":51,"href":"https:\/\/videokonferans.net\/index.php?rest_route=\/wp\/v2\/pages\/47\/revisions\/51"}],"wp:attachment":[{"href":"https:\/\/videokonferans.net\/index.php?rest_route=%2Fwp%2Fv2%2Fmedia&parent=47"}],"curies":[{"name":"wp","href":"https:\/\/api.w.org\/{rel}","templated":true}]}}