{"id":57,"date":"2024-01-07T12:34:52","date_gmt":"2024-01-07T12:34:52","guid":{"rendered":"https:\/\/videokonferans.net\/?page_id=57"},"modified":"2024-01-07T12:47:16","modified_gmt":"2024-01-07T12:47:16","slug":"ideahub-board2","status":"publish","type":"page","link":"https:\/\/videokonferans.net\/?page_id=57","title":{"rendered":"IdeaHub Board2"},"content":{"rendered":"\n<p>Huawei &#8216;nin \u00dcniversiteler, Okullar ve e\u011fitim odalar\u0131 i\u00e7in \u00f6zel olarak \u00fcretti\u011fi 4K ekranl\u0131 Dokunmatik modelidir. <\/p>\n\n\n\n<figure class=\"wp-block-image size-large\"><img loading=\"lazy\" decoding=\"async\" width=\"1024\" height=\"320\" src=\"https:\/\/videokonferans.net\/wp-content\/uploads\/2024\/01\/HUAWEI-IdeaHub-Board-2-Key-Visual-1024x320.jpg\" alt=\"\" class=\"wp-image-10\" srcset=\"https:\/\/videokonferans.net\/wp-content\/uploads\/2024\/01\/HUAWEI-IdeaHub-Board-2-Key-Visual-1024x320.jpg 1024w, https:\/\/videokonferans.net\/wp-content\/uploads\/2024\/01\/HUAWEI-IdeaHub-Board-2-Key-Visual-300x94.jpg 300w, https:\/\/videokonferans.net\/wp-content\/uploads\/2024\/01\/HUAWEI-IdeaHub-Board-2-Key-Visual-768x240.jpg 768w, https:\/\/videokonferans.net\/wp-content\/uploads\/2024\/01\/HUAWEI-IdeaHub-Board-2-Key-Visual-1536x480.jpg 1536w, https:\/\/videokonferans.net\/wp-content\/uploads\/2024\/01\/HUAWEI-IdeaHub-Board-2-Key-Visual-2048x640.jpg 2048w\" sizes=\"auto, (max-width: 1024px) 100vw, 1024px\" \/><\/figure>\n\n\n\n<p>Video konferans \u00f6zelli\u011fini aktif etmek i\u00e7in ek kamera kullan\u0131lmas\u0131 gerekmektedir.<\/p>\n\n\n\n<figure class=\"wp-block-image size-large\"><img loading=\"lazy\" decoding=\"async\" width=\"1024\" height=\"577\" src=\"https:\/\/videokonferans.net\/wp-content\/uploads\/2024\/01\/board2-ofis-icin-gorsel-1024x577.png\" alt=\"\" class=\"wp-image-60\" srcset=\"https:\/\/videokonferans.net\/wp-content\/uploads\/2024\/01\/board2-ofis-icin-gorsel-1024x577.png 1024w, https:\/\/videokonferans.net\/wp-content\/uploads\/2024\/01\/board2-ofis-icin-gorsel-300x169.png 300w, https:\/\/videokonferans.net\/wp-content\/uploads\/2024\/01\/board2-ofis-icin-gorsel-768x432.png 768w, https:\/\/videokonferans.net\/wp-content\/uploads\/2024\/01\/board2-ofis-icin-gorsel.png 1362w\" sizes=\"auto, (max-width: 1024px) 100vw, 1024px\" \/><\/figure>\n\n\n\n<p>Huawei, hepsi bir arada i\u015fbirli\u011fi cihaz\u0131 sa\u011flamak i\u00e7in ses ve video teknolojileri, yaz\u0131l\u0131m ve donan\u0131m sistemleri, tam kapsaml\u0131 yapay zeka yetenekleri ve yerel bulut hizmetlerindeki kapsaml\u0131 teknik uzmanl\u0131\u011f\u0131ndan yararlan\u0131yor.<br>\u00c7e\u015fitli u\u00e7 nokta t\u00fcrleriyle \u00e7al\u0131\u015fan IdeaHub Gen-2, ak\u0131ll\u0131 ofisi g\u00fc\u00e7lendirmek ve end\u00fcstrinin dijitalle\u015fmesini sa\u011flamak i\u00e7in \u00e7ok \u00e7e\u015fitli sekt\u00f6rlerle ve OPS ekosistemiyle uyumlu, zengin ofis bulut ekosistemiyle entegre olur.<\/p>\n\n\n\n<figure class=\"wp-block-image size-full\"><img loading=\"lazy\" decoding=\"async\" width=\"510\" height=\"451\" src=\"https:\/\/videokonferans.net\/wp-content\/uploads\/2024\/01\/board2.png\" alt=\"\" class=\"wp-image-61\" srcset=\"https:\/\/videokonferans.net\/wp-content\/uploads\/2024\/01\/board2.png 510w, https:\/\/videokonferans.net\/wp-content\/uploads\/2024\/01\/board2-300x265.png 300w\" sizes=\"auto, (max-width: 510px) 100vw, 510px\" \/><\/figure>\n\n\n\n<p>ideahub Board2 cihaz\u0131 ile ilgili MSK Global sorumlular\u0131 taraf\u0131ndan istedi\u011finiz senaryoda \u00e7al\u0131\u015ft\u0131rmak i\u00e7in yard\u0131m al\u0131n. MSK Global, T\u00fcrkiye&#8217;de ideahub \u00fcr\u00fcnlerinin ilk ve tek yetkili CSP Servis PArtneri ve ayn\u0131 zamanda tek distrib\u00fct\u00f6r\u00fcd\u00fcr. <br><br>\u00d6rnek Senaryo : <br>\u0130\u015fbirlik\u00e7i ,  Kay\u0131t S\u0131n\u0131f\u0131, Hibrit S\u0131n\u0131f ve veya \u0130nteraktif s\u0131n\u0131f gibi bir \u00e7ok senaryo ortaya \u00e7\u0131kabilir.  :<\/p>\n\n\n\n<figure class=\"wp-block-image size-full\"><img loading=\"lazy\" decoding=\"async\" width=\"394\" height=\"158\" src=\"https:\/\/videokonferans.net\/wp-content\/uploads\/2024\/01\/image-6.png\" alt=\"\" class=\"wp-image-68\" srcset=\"https:\/\/videokonferans.net\/wp-content\/uploads\/2024\/01\/image-6.png 394w, https:\/\/videokonferans.net\/wp-content\/uploads\/2024\/01\/image-6-300x120.png 300w\" sizes=\"auto, (max-width: 394px) 100vw, 394px\" \/><\/figure>\n\n\n\n<figure class=\"wp-block-image size-full\"><img loading=\"lazy\" decoding=\"async\" width=\"394\" height=\"158\" src=\"https:\/\/videokonferans.net\/wp-content\/uploads\/2024\/01\/image-5.png\" alt=\"\" class=\"wp-image-67\" srcset=\"https:\/\/videokonferans.net\/wp-content\/uploads\/2024\/01\/image-5.png 394w, https:\/\/videokonferans.net\/wp-content\/uploads\/2024\/01\/image-5-300x120.png 300w\" sizes=\"auto, (max-width: 394px) 100vw, 394px\" \/><\/figure>\n\n\n\n<figure class=\"wp-block-image size-full\"><img loading=\"lazy\" decoding=\"async\" width=\"394\" height=\"179\" src=\"https:\/\/videokonferans.net\/wp-content\/uploads\/2024\/01\/image-3.png\" alt=\"\" class=\"wp-image-65\" srcset=\"https:\/\/videokonferans.net\/wp-content\/uploads\/2024\/01\/image-3.png 394w, https:\/\/videokonferans.net\/wp-content\/uploads\/2024\/01\/image-3-300x136.png 300w\" sizes=\"auto, (max-width: 394px) 100vw, 394px\" \/><\/figure>\n\n\n\n<figure class=\"wp-block-image size-full\"><img loading=\"lazy\" decoding=\"async\" width=\"394\" height=\"195\" src=\"https:\/\/videokonferans.net\/wp-content\/uploads\/2024\/01\/image-2.png\" alt=\"\" class=\"wp-image-64\" srcset=\"https:\/\/videokonferans.net\/wp-content\/uploads\/2024\/01\/image-2.png 394w, https:\/\/videokonferans.net\/wp-content\/uploads\/2024\/01\/image-2-300x148.png 300w\" sizes=\"auto, (max-width: 394px) 100vw, 394px\" \/><\/figure>\n\n\n\n<p> Teknik ve detay \u00f6zellikler, ya da projelendirme i\u00e7in MSK Global &#8216;den yard\u0131m alabilirsiniz. \u00dcniversitelerde bir \u00e7ok farkl\u0131 proje ile Huawei deneyimlerini size aktaraca\u011f\u0131z. <\/p>\n\n\n\n<figure class=\"wp-block-image size-large\"><img loading=\"lazy\" decoding=\"async\" width=\"1024\" height=\"598\" src=\"https:\/\/videokonferans.net\/wp-content\/uploads\/2024\/01\/board2-teknik-bilgiler-1024x598.png\" alt=\"\" class=\"wp-image-69\" srcset=\"https:\/\/videokonferans.net\/wp-content\/uploads\/2024\/01\/board2-teknik-bilgiler-1024x598.png 1024w, https:\/\/videokonferans.net\/wp-content\/uploads\/2024\/01\/board2-teknik-bilgiler-300x175.png 300w, https:\/\/videokonferans.net\/wp-content\/uploads\/2024\/01\/board2-teknik-bilgiler-768x449.png 768w, https:\/\/videokonferans.net\/wp-content\/uploads\/2024\/01\/board2-teknik-bilgiler.png 1332w\" sizes=\"auto, (max-width: 1024px) 100vw, 1024px\" \/><\/figure>\n","protected":false},"excerpt":{"rendered":"<p>Huawei &#8216;nin \u00dcniversiteler, Okullar ve e\u011fitim odalar\u0131 i\u00e7in \u00f6zel olarak \u00fcretti\u011fi 4K ekranl\u0131 Dokunmatik modelidir. Video konferans \u00f6zelli\u011fini aktif etmek i\u00e7in ek kamera kullan\u0131lmas\u0131 gerekmektedir. Huawei, hepsi bir arada i\u015fbirli\u011fi cihaz\u0131 sa\u011flamak i\u00e7in ses ve video teknolojileri, yaz\u0131l\u0131m ve donan\u0131m sistemleri, tam kapsaml\u0131 yapay zeka yetenekleri ve yerel bulut hizmetlerindeki kapsaml\u0131 teknik uzmanl\u0131\u011f\u0131ndan yararlan\u0131yor.\u00c7e\u015fitli u\u00e7 [&hellip;]<\/p>\n","protected":false},"author":1,"featured_media":0,"parent":0,"menu_order":0,"comment_status":"closed","ping_status":"closed","template":"","meta":{"footnotes":""},"class_list":["post-57","page","type-page","status-publish","hentry"],"yoast_head":"<!-- This site is optimized with the Yoast SEO plugin v23.8 - https:\/\/yoast.com\/wordpress\/plugins\/seo\/ -->\n<title>IdeaHub Board2 - Kusursuz Video Konferans Deneyimi<\/title>\n<meta name=\"description\" content=\"Ideahub Board2 ak\u0131ll\u0131 tahta \u00fcr\u00fcn\u00fc ile 4k Ekran\u0131n keyfini \u00e7\u0131kar\u0131n. Huawei ideahub \u00fcr\u00fcn grubunun T\u00fcrkiye tek distrib\u00fct\u00f6r\u00fc MSK Global .\" \/>\n<meta name=\"robots\" content=\"index, follow, max-snippet:-1, max-image-preview:large, max-video-preview:-1\" \/>\n<link rel=\"canonical\" href=\"https:\/\/videokonferans.net\/?page_id=57\" \/>\n<meta property=\"og:locale\" content=\"tr_TR\" \/>\n<meta property=\"og:type\" content=\"article\" \/>\n<meta property=\"og:title\" content=\"IdeaHub Board2 - Kusursuz Video Konferans Deneyimi\" \/>\n<meta property=\"og:description\" content=\"Ideahub Board2 ak\u0131ll\u0131 tahta \u00fcr\u00fcn\u00fc ile 4k Ekran\u0131n keyfini \u00e7\u0131kar\u0131n. Huawei ideahub \u00fcr\u00fcn grubunun T\u00fcrkiye tek distrib\u00fct\u00f6r\u00fc MSK Global .\" \/>\n<meta property=\"og:url\" content=\"https:\/\/videokonferans.net\/?page_id=57\" \/>\n<meta property=\"og:site_name\" content=\"Kusursuz Video Konferans Deneyimi\" \/>\n<meta property=\"article:publisher\" content=\"https:\/\/www.facebook.com\/mskglobal\/\" \/>\n<meta property=\"article:modified_time\" content=\"2024-01-07T12:47:16+00:00\" \/>\n<meta property=\"og:image\" content=\"https:\/\/videokonferans.net\/wp-content\/uploads\/2024\/01\/HUAWEI-IdeaHub-Board-2-Key-Visual-1024x320.jpg\" \/>\n<meta name=\"twitter:card\" content=\"summary_large_image\" \/>\n<meta name=\"twitter:label1\" content=\"Tahmini okuma s\u00fcresi\" \/>\n\t<meta name=\"twitter:data1\" content=\"3 dakika\" \/>\n<script type=\"application\/ld+json\" class=\"yoast-schema-graph\">{\"@context\":\"https:\/\/schema.org\",\"@graph\":[{\"@type\":\"WebPage\",\"@id\":\"https:\/\/videokonferans.net\/?page_id=57\",\"url\":\"https:\/\/videokonferans.net\/?page_id=57\",\"name\":\"IdeaHub Board2 - Kusursuz Video Konferans Deneyimi\",\"isPartOf\":{\"@id\":\"https:\/\/videokonferans.net\/#website\"},\"primaryImageOfPage\":{\"@id\":\"https:\/\/videokonferans.net\/?page_id=57#primaryimage\"},\"image\":{\"@id\":\"https:\/\/videokonferans.net\/?page_id=57#primaryimage\"},\"thumbnailUrl\":\"https:\/\/videokonferans.net\/wp-content\/uploads\/2024\/01\/HUAWEI-IdeaHub-Board-2-Key-Visual-1024x320.jpg\",\"datePublished\":\"2024-01-07T12:34:52+00:00\",\"dateModified\":\"2024-01-07T12:47:16+00:00\",\"description\":\"Ideahub Board2 ak\u0131ll\u0131 tahta \u00fcr\u00fcn\u00fc ile 4k Ekran\u0131n keyfini \u00e7\u0131kar\u0131n. Huawei ideahub \u00fcr\u00fcn grubunun T\u00fcrkiye tek distrib\u00fct\u00f6r\u00fc MSK Global .\",\"breadcrumb\":{\"@id\":\"https:\/\/videokonferans.net\/?page_id=57#breadcrumb\"},\"inLanguage\":\"tr\",\"potentialAction\":[{\"@type\":\"ReadAction\",\"target\":[\"https:\/\/videokonferans.net\/?page_id=57\"]}]},{\"@type\":\"ImageObject\",\"inLanguage\":\"tr\",\"@id\":\"https:\/\/videokonferans.net\/?page_id=57#primaryimage\",\"url\":\"https:\/\/videokonferans.net\/wp-content\/uploads\/2024\/01\/HUAWEI-IdeaHub-Board-2-Key-Visual-scaled.jpg\",\"contentUrl\":\"https:\/\/videokonferans.net\/wp-content\/uploads\/2024\/01\/HUAWEI-IdeaHub-Board-2-Key-Visual-scaled.jpg\",\"width\":2560,\"height\":800},{\"@type\":\"BreadcrumbList\",\"@id\":\"https:\/\/videokonferans.net\/?page_id=57#breadcrumb\",\"itemListElement\":[{\"@type\":\"ListItem\",\"position\":1,\"name\":\"Anasayfa\",\"item\":\"https:\/\/videokonferans.net\/\"},{\"@type\":\"ListItem\",\"position\":2,\"name\":\"IdeaHub Board2\"}]},{\"@type\":\"WebSite\",\"@id\":\"https:\/\/videokonferans.net\/#website\",\"url\":\"https:\/\/videokonferans.net\/\",\"name\":\"Kusursuz Video Konferans Deneyimi\",\"description\":\"Huawei ideahub ile ofisinize prestij getirin\",\"publisher\":{\"@id\":\"https:\/\/videokonferans.net\/#organization\"},\"potentialAction\":[{\"@type\":\"SearchAction\",\"target\":{\"@type\":\"EntryPoint\",\"urlTemplate\":\"https:\/\/videokonferans.net\/?s={search_term_string}\"},\"query-input\":{\"@type\":\"PropertyValueSpecification\",\"valueRequired\":true,\"valueName\":\"search_term_string\"}}],\"inLanguage\":\"tr\"},{\"@type\":\"Organization\",\"@id\":\"https:\/\/videokonferans.net\/#organization\",\"name\":\"Kusursuz Video Konferans Deneyimi\",\"url\":\"https:\/\/videokonferans.net\/\",\"logo\":{\"@type\":\"ImageObject\",\"inLanguage\":\"tr\",\"@id\":\"https:\/\/videokonferans.net\/#\/schema\/logo\/image\/\",\"url\":\"https:\/\/videokonferans.net\/wp-content\/uploads\/2024\/01\/cropped-huawei-ideahub-2.jpg\",\"contentUrl\":\"https:\/\/videokonferans.net\/wp-content\/uploads\/2024\/01\/cropped-huawei-ideahub-2.jpg\",\"width\":512,\"height\":512,\"caption\":\"Kusursuz Video Konferans Deneyimi\"},\"image\":{\"@id\":\"https:\/\/videokonferans.net\/#\/schema\/logo\/image\/\"},\"sameAs\":[\"https:\/\/www.facebook.com\/mskglobal\/\",\"https:\/\/www.youtube.com\/@mskglobal\",\"https:\/\/www.instagram.com\/msk.global\/\",\"https:\/\/tr.linkedin.com\/company\/msk-global-elektronik\"]}]}<\/script>\n<!-- \/ Yoast SEO plugin. -->","yoast_head_json":{"title":"IdeaHub Board2 - Kusursuz Video Konferans Deneyimi","description":"Ideahub Board2 ak\u0131ll\u0131 tahta \u00fcr\u00fcn\u00fc ile 4k Ekran\u0131n keyfini \u00e7\u0131kar\u0131n. Huawei ideahub \u00fcr\u00fcn grubunun T\u00fcrkiye tek distrib\u00fct\u00f6r\u00fc MSK Global .","robots":{"index":"index","follow":"follow","max-snippet":"max-snippet:-1","max-image-preview":"max-image-preview:large","max-video-preview":"max-video-preview:-1"},"canonical":"https:\/\/videokonferans.net\/?page_id=57","og_locale":"tr_TR","og_type":"article","og_title":"IdeaHub Board2 - Kusursuz Video Konferans Deneyimi","og_description":"Ideahub Board2 ak\u0131ll\u0131 tahta \u00fcr\u00fcn\u00fc ile 4k Ekran\u0131n keyfini \u00e7\u0131kar\u0131n. Huawei ideahub \u00fcr\u00fcn grubunun T\u00fcrkiye tek distrib\u00fct\u00f6r\u00fc MSK Global .","og_url":"https:\/\/videokonferans.net\/?page_id=57","og_site_name":"Kusursuz Video Konferans Deneyimi","article_publisher":"https:\/\/www.facebook.com\/mskglobal\/","article_modified_time":"2024-01-07T12:47:16+00:00","og_image":[{"url":"https:\/\/videokonferans.net\/wp-content\/uploads\/2024\/01\/HUAWEI-IdeaHub-Board-2-Key-Visual-1024x320.jpg"}],"twitter_card":"summary_large_image","twitter_misc":{"Tahmini okuma s\u00fcresi":"3 dakika"},"schema":{"@context":"https:\/\/schema.org","@graph":[{"@type":"WebPage","@id":"https:\/\/videokonferans.net\/?page_id=57","url":"https:\/\/videokonferans.net\/?page_id=57","name":"IdeaHub Board2 - Kusursuz Video Konferans Deneyimi","isPartOf":{"@id":"https:\/\/videokonferans.net\/#website"},"primaryImageOfPage":{"@id":"https:\/\/videokonferans.net\/?page_id=57#primaryimage"},"image":{"@id":"https:\/\/videokonferans.net\/?page_id=57#primaryimage"},"thumbnailUrl":"https:\/\/videokonferans.net\/wp-content\/uploads\/2024\/01\/HUAWEI-IdeaHub-Board-2-Key-Visual-1024x320.jpg","datePublished":"2024-01-07T12:34:52+00:00","dateModified":"2024-01-07T12:47:16+00:00","description":"Ideahub Board2 ak\u0131ll\u0131 tahta \u00fcr\u00fcn\u00fc ile 4k Ekran\u0131n keyfini \u00e7\u0131kar\u0131n. Huawei ideahub \u00fcr\u00fcn grubunun T\u00fcrkiye tek distrib\u00fct\u00f6r\u00fc MSK Global .","breadcrumb":{"@id":"https:\/\/videokonferans.net\/?page_id=57#breadcrumb"},"inLanguage":"tr","potentialAction":[{"@type":"ReadAction","target":["https:\/\/videokonferans.net\/?page_id=57"]}]},{"@type":"ImageObject","inLanguage":"tr","@id":"https:\/\/videokonferans.net\/?page_id=57#primaryimage","url":"https:\/\/videokonferans.net\/wp-content\/uploads\/2024\/01\/HUAWEI-IdeaHub-Board-2-Key-Visual-scaled.jpg","contentUrl":"https:\/\/videokonferans.net\/wp-content\/uploads\/2024\/01\/HUAWEI-IdeaHub-Board-2-Key-Visual-scaled.jpg","width":2560,"height":800},{"@type":"BreadcrumbList","@id":"https:\/\/videokonferans.net\/?page_id=57#breadcrumb","itemListElement":[{"@type":"ListItem","position":1,"name":"Anasayfa","item":"https:\/\/videokonferans.net\/"},{"@type":"ListItem","position":2,"name":"IdeaHub Board2"}]},{"@type":"WebSite","@id":"https:\/\/videokonferans.net\/#website","url":"https:\/\/videokonferans.net\/","name":"Kusursuz Video Konferans Deneyimi","description":"Huawei ideahub ile ofisinize prestij getirin","publisher":{"@id":"https:\/\/videokonferans.net\/#organization"},"potentialAction":[{"@type":"SearchAction","target":{"@type":"EntryPoint","urlTemplate":"https:\/\/videokonferans.net\/?s={search_term_string}"},"query-input":{"@type":"PropertyValueSpecification","valueRequired":true,"valueName":"search_term_string"}}],"inLanguage":"tr"},{"@type":"Organization","@id":"https:\/\/videokonferans.net\/#organization","name":"Kusursuz Video Konferans Deneyimi","url":"https:\/\/videokonferans.net\/","logo":{"@type":"ImageObject","inLanguage":"tr","@id":"https:\/\/videokonferans.net\/#\/schema\/logo\/image\/","url":"https:\/\/videokonferans.net\/wp-content\/uploads\/2024\/01\/cropped-huawei-ideahub-2.jpg","contentUrl":"https:\/\/videokonferans.net\/wp-content\/uploads\/2024\/01\/cropped-huawei-ideahub-2.jpg","width":512,"height":512,"caption":"Kusursuz Video Konferans Deneyimi"},"image":{"@id":"https:\/\/videokonferans.net\/#\/schema\/logo\/image\/"},"sameAs":["https:\/\/www.facebook.com\/mskglobal\/","https:\/\/www.youtube.com\/@mskglobal","https:\/\/www.instagram.com\/msk.global\/","https:\/\/tr.linkedin.com\/company\/msk-global-elektronik"]}]}},"_links":{"self":[{"href":"https:\/\/videokonferans.net\/index.php?rest_route=\/wp\/v2\/pages\/57","targetHints":{"allow":["GET"]}}],"collection":[{"href":"https:\/\/videokonferans.net\/index.php?rest_route=\/wp\/v2\/pages"}],"about":[{"href":"https:\/\/videokonferans.net\/index.php?rest_route=\/wp\/v2\/types\/page"}],"author":[{"embeddable":true,"href":"https:\/\/videokonferans.net\/index.php?rest_route=\/wp\/v2\/users\/1"}],"replies":[{"embeddable":true,"href":"https:\/\/videokonferans.net\/index.php?rest_route=%2Fwp%2Fv2%2Fcomments&post=57"}],"version-history":[{"count":2,"href":"https:\/\/videokonferans.net\/index.php?rest_route=\/wp\/v2\/pages\/57\/revisions"}],"predecessor-version":[{"id":70,"href":"https:\/\/videokonferans.net\/index.php?rest_route=\/wp\/v2\/pages\/57\/revisions\/70"}],"wp:attachment":[{"href":"https:\/\/videokonferans.net\/index.php?rest_route=%2Fwp%2Fv2%2Fmedia&parent=57"}],"curies":[{"name":"wp","href":"https:\/\/api.w.org\/{rel}","templated":true}]}}