{"id":79,"date":"2024-04-28T03:06:33","date_gmt":"2024-04-28T00:06:33","guid":{"rendered":"https:\/\/videokonferans.net\/?page_id=79"},"modified":"2024-04-28T03:06:34","modified_gmt":"2024-04-28T00:06:34","slug":"marka-referanslari","status":"publish","type":"page","link":"https:\/\/videokonferans.net\/?page_id=79","title":{"rendered":"Marka Referanslar\u0131"},"content":{"rendered":"\n<p>T\u00fcrkiye&#8217;de bir\u00e7ok kurum ideahub \u00fcr\u00fcnlerinden adetli olarak alm\u0131\u015f ve hala projelerinde kullanmaktad\u0131r. Ideahub \u00fcr\u00fcn\u00fcn marka referanslar\u0131 a\u015fa\u011f\u0131daki gibi olup ; %100 m\u00fc\u015fteri memnuniyeti ile ilerlemektedir. <br>100 lerce referanstan sadce baz\u0131lar\u0131 ; <\/p>\n\n\n\n<figure class=\"wp-block-image size-large\"><img loading=\"lazy\" decoding=\"async\" width=\"1024\" height=\"419\" src=\"https:\/\/videokonferans.net\/wp-content\/uploads\/2024\/04\/image-1024x419.png\" alt=\"\" class=\"wp-image-80\" srcset=\"https:\/\/videokonferans.net\/wp-content\/uploads\/2024\/04\/image-1024x419.png 1024w, https:\/\/videokonferans.net\/wp-content\/uploads\/2024\/04\/image-300x123.png 300w, https:\/\/videokonferans.net\/wp-content\/uploads\/2024\/04\/image-768x314.png 768w, https:\/\/videokonferans.net\/wp-content\/uploads\/2024\/04\/image.png 1356w\" sizes=\"auto, (max-width: 1024px) 100vw, 1024px\" \/><\/figure>\n\n\n\n<figure class=\"wp-block-image aligncenter size-full\"><img loading=\"lazy\" decoding=\"async\" width=\"394\" height=\"179\" src=\"https:\/\/videokonferans.net\/wp-content\/uploads\/2024\/01\/image-3.png\" alt=\"\" class=\"wp-image-65\" srcset=\"https:\/\/videokonferans.net\/wp-content\/uploads\/2024\/01\/image-3.png 394w, https:\/\/videokonferans.net\/wp-content\/uploads\/2024\/01\/image-3-300x136.png 300w\" sizes=\"auto, (max-width: 394px) 100vw, 394px\" \/><\/figure>\n","protected":false},"excerpt":{"rendered":"<p>T\u00fcrkiye&#8217;de bir\u00e7ok kurum ideahub \u00fcr\u00fcnlerinden adetli olarak alm\u0131\u015f ve hala projelerinde kullanmaktad\u0131r. Ideahub \u00fcr\u00fcn\u00fcn marka referanslar\u0131 a\u015fa\u011f\u0131daki gibi olup ; %100 m\u00fc\u015fteri memnuniyeti ile ilerlemektedir. 100 lerce referanstan sadce baz\u0131lar\u0131 ;<\/p>\n","protected":false},"author":1,"featured_media":0,"parent":0,"menu_order":0,"comment_status":"closed","ping_status":"closed","template":"","meta":{"footnotes":""},"class_list":["post-79","page","type-page","status-publish","hentry"],"yoast_head":"<!-- This site is optimized with the Yoast SEO plugin v23.8 - https:\/\/yoast.com\/wordpress\/plugins\/seo\/ -->\n<title>Marka Referanslar\u0131 - Kusursuz Video Konferans Deneyimi<\/title>\n<meta name=\"robots\" content=\"index, follow, max-snippet:-1, max-image-preview:large, max-video-preview:-1\" \/>\n<link rel=\"canonical\" href=\"https:\/\/videokonferans.net\/?page_id=79\" \/>\n<meta property=\"og:locale\" content=\"tr_TR\" \/>\n<meta property=\"og:type\" content=\"article\" \/>\n<meta property=\"og:title\" content=\"Marka Referanslar\u0131 - Kusursuz Video Konferans Deneyimi\" \/>\n<meta property=\"og:description\" content=\"T\u00fcrkiye&#8217;de bir\u00e7ok kurum ideahub \u00fcr\u00fcnlerinden adetli olarak alm\u0131\u015f ve hala projelerinde kullanmaktad\u0131r. Ideahub \u00fcr\u00fcn\u00fcn marka referanslar\u0131 a\u015fa\u011f\u0131daki gibi olup ; %100 m\u00fc\u015fteri memnuniyeti ile ilerlemektedir. 100 lerce referanstan sadce baz\u0131lar\u0131 ;\" \/>\n<meta property=\"og:url\" content=\"https:\/\/videokonferans.net\/?page_id=79\" \/>\n<meta property=\"og:site_name\" content=\"Kusursuz Video Konferans Deneyimi\" \/>\n<meta property=\"article:publisher\" content=\"https:\/\/www.facebook.com\/mskglobal\/\" \/>\n<meta property=\"article:modified_time\" content=\"2024-04-28T00:06:34+00:00\" \/>\n<meta property=\"og:image\" content=\"https:\/\/videokonferans.net\/wp-content\/uploads\/2024\/04\/image-1024x419.png\" \/>\n<meta name=\"twitter:card\" content=\"summary_large_image\" \/>\n<meta name=\"twitter:label1\" content=\"Tahmini okuma s\u00fcresi\" \/>\n\t<meta name=\"twitter:data1\" content=\"1 dakika\" \/>\n<script type=\"application\/ld+json\" class=\"yoast-schema-graph\">{\"@context\":\"https:\/\/schema.org\",\"@graph\":[{\"@type\":\"WebPage\",\"@id\":\"https:\/\/videokonferans.net\/?page_id=79\",\"url\":\"https:\/\/videokonferans.net\/?page_id=79\",\"name\":\"Marka Referanslar\u0131 - Kusursuz Video Konferans Deneyimi\",\"isPartOf\":{\"@id\":\"https:\/\/videokonferans.net\/#website\"},\"primaryImageOfPage\":{\"@id\":\"https:\/\/videokonferans.net\/?page_id=79#primaryimage\"},\"image\":{\"@id\":\"https:\/\/videokonferans.net\/?page_id=79#primaryimage\"},\"thumbnailUrl\":\"https:\/\/videokonferans.net\/wp-content\/uploads\/2024\/04\/image-1024x419.png\",\"datePublished\":\"2024-04-28T00:06:33+00:00\",\"dateModified\":\"2024-04-28T00:06:34+00:00\",\"breadcrumb\":{\"@id\":\"https:\/\/videokonferans.net\/?page_id=79#breadcrumb\"},\"inLanguage\":\"tr\",\"potentialAction\":[{\"@type\":\"ReadAction\",\"target\":[\"https:\/\/videokonferans.net\/?page_id=79\"]}]},{\"@type\":\"ImageObject\",\"inLanguage\":\"tr\",\"@id\":\"https:\/\/videokonferans.net\/?page_id=79#primaryimage\",\"url\":\"https:\/\/videokonferans.net\/wp-content\/uploads\/2024\/04\/image.png\",\"contentUrl\":\"https:\/\/videokonferans.net\/wp-content\/uploads\/2024\/04\/image.png\",\"width\":1356,\"height\":555},{\"@type\":\"BreadcrumbList\",\"@id\":\"https:\/\/videokonferans.net\/?page_id=79#breadcrumb\",\"itemListElement\":[{\"@type\":\"ListItem\",\"position\":1,\"name\":\"Anasayfa\",\"item\":\"https:\/\/videokonferans.net\/\"},{\"@type\":\"ListItem\",\"position\":2,\"name\":\"Marka Referanslar\u0131\"}]},{\"@type\":\"WebSite\",\"@id\":\"https:\/\/videokonferans.net\/#website\",\"url\":\"https:\/\/videokonferans.net\/\",\"name\":\"Kusursuz Video Konferans Deneyimi\",\"description\":\"Huawei ideahub ile ofisinize prestij getirin\",\"publisher\":{\"@id\":\"https:\/\/videokonferans.net\/#organization\"},\"potentialAction\":[{\"@type\":\"SearchAction\",\"target\":{\"@type\":\"EntryPoint\",\"urlTemplate\":\"https:\/\/videokonferans.net\/?s={search_term_string}\"},\"query-input\":{\"@type\":\"PropertyValueSpecification\",\"valueRequired\":true,\"valueName\":\"search_term_string\"}}],\"inLanguage\":\"tr\"},{\"@type\":\"Organization\",\"@id\":\"https:\/\/videokonferans.net\/#organization\",\"name\":\"Kusursuz Video Konferans Deneyimi\",\"url\":\"https:\/\/videokonferans.net\/\",\"logo\":{\"@type\":\"ImageObject\",\"inLanguage\":\"tr\",\"@id\":\"https:\/\/videokonferans.net\/#\/schema\/logo\/image\/\",\"url\":\"https:\/\/videokonferans.net\/wp-content\/uploads\/2024\/01\/cropped-huawei-ideahub-2.jpg\",\"contentUrl\":\"https:\/\/videokonferans.net\/wp-content\/uploads\/2024\/01\/cropped-huawei-ideahub-2.jpg\",\"width\":512,\"height\":512,\"caption\":\"Kusursuz Video Konferans Deneyimi\"},\"image\":{\"@id\":\"https:\/\/videokonferans.net\/#\/schema\/logo\/image\/\"},\"sameAs\":[\"https:\/\/www.facebook.com\/mskglobal\/\",\"https:\/\/www.youtube.com\/@mskglobal\",\"https:\/\/www.instagram.com\/msk.global\/\",\"https:\/\/tr.linkedin.com\/company\/msk-global-elektronik\"]}]}<\/script>\n<!-- \/ Yoast SEO plugin. -->","yoast_head_json":{"title":"Marka Referanslar\u0131 - Kusursuz Video Konferans Deneyimi","robots":{"index":"index","follow":"follow","max-snippet":"max-snippet:-1","max-image-preview":"max-image-preview:large","max-video-preview":"max-video-preview:-1"},"canonical":"https:\/\/videokonferans.net\/?page_id=79","og_locale":"tr_TR","og_type":"article","og_title":"Marka Referanslar\u0131 - Kusursuz Video Konferans Deneyimi","og_description":"T\u00fcrkiye&#8217;de bir\u00e7ok kurum ideahub \u00fcr\u00fcnlerinden adetli olarak alm\u0131\u015f ve hala projelerinde kullanmaktad\u0131r. Ideahub \u00fcr\u00fcn\u00fcn marka referanslar\u0131 a\u015fa\u011f\u0131daki gibi olup ; %100 m\u00fc\u015fteri memnuniyeti ile ilerlemektedir. 100 lerce referanstan sadce baz\u0131lar\u0131 ;","og_url":"https:\/\/videokonferans.net\/?page_id=79","og_site_name":"Kusursuz Video Konferans Deneyimi","article_publisher":"https:\/\/www.facebook.com\/mskglobal\/","article_modified_time":"2024-04-28T00:06:34+00:00","og_image":[{"url":"https:\/\/videokonferans.net\/wp-content\/uploads\/2024\/04\/image-1024x419.png"}],"twitter_card":"summary_large_image","twitter_misc":{"Tahmini okuma s\u00fcresi":"1 dakika"},"schema":{"@context":"https:\/\/schema.org","@graph":[{"@type":"WebPage","@id":"https:\/\/videokonferans.net\/?page_id=79","url":"https:\/\/videokonferans.net\/?page_id=79","name":"Marka Referanslar\u0131 - Kusursuz Video Konferans Deneyimi","isPartOf":{"@id":"https:\/\/videokonferans.net\/#website"},"primaryImageOfPage":{"@id":"https:\/\/videokonferans.net\/?page_id=79#primaryimage"},"image":{"@id":"https:\/\/videokonferans.net\/?page_id=79#primaryimage"},"thumbnailUrl":"https:\/\/videokonferans.net\/wp-content\/uploads\/2024\/04\/image-1024x419.png","datePublished":"2024-04-28T00:06:33+00:00","dateModified":"2024-04-28T00:06:34+00:00","breadcrumb":{"@id":"https:\/\/videokonferans.net\/?page_id=79#breadcrumb"},"inLanguage":"tr","potentialAction":[{"@type":"ReadAction","target":["https:\/\/videokonferans.net\/?page_id=79"]}]},{"@type":"ImageObject","inLanguage":"tr","@id":"https:\/\/videokonferans.net\/?page_id=79#primaryimage","url":"https:\/\/videokonferans.net\/wp-content\/uploads\/2024\/04\/image.png","contentUrl":"https:\/\/videokonferans.net\/wp-content\/uploads\/2024\/04\/image.png","width":1356,"height":555},{"@type":"BreadcrumbList","@id":"https:\/\/videokonferans.net\/?page_id=79#breadcrumb","itemListElement":[{"@type":"ListItem","position":1,"name":"Anasayfa","item":"https:\/\/videokonferans.net\/"},{"@type":"ListItem","position":2,"name":"Marka Referanslar\u0131"}]},{"@type":"WebSite","@id":"https:\/\/videokonferans.net\/#website","url":"https:\/\/videokonferans.net\/","name":"Kusursuz Video Konferans Deneyimi","description":"Huawei ideahub ile ofisinize prestij getirin","publisher":{"@id":"https:\/\/videokonferans.net\/#organization"},"potentialAction":[{"@type":"SearchAction","target":{"@type":"EntryPoint","urlTemplate":"https:\/\/videokonferans.net\/?s={search_term_string}"},"query-input":{"@type":"PropertyValueSpecification","valueRequired":true,"valueName":"search_term_string"}}],"inLanguage":"tr"},{"@type":"Organization","@id":"https:\/\/videokonferans.net\/#organization","name":"Kusursuz Video Konferans Deneyimi","url":"https:\/\/videokonferans.net\/","logo":{"@type":"ImageObject","inLanguage":"tr","@id":"https:\/\/videokonferans.net\/#\/schema\/logo\/image\/","url":"https:\/\/videokonferans.net\/wp-content\/uploads\/2024\/01\/cropped-huawei-ideahub-2.jpg","contentUrl":"https:\/\/videokonferans.net\/wp-content\/uploads\/2024\/01\/cropped-huawei-ideahub-2.jpg","width":512,"height":512,"caption":"Kusursuz Video Konferans Deneyimi"},"image":{"@id":"https:\/\/videokonferans.net\/#\/schema\/logo\/image\/"},"sameAs":["https:\/\/www.facebook.com\/mskglobal\/","https:\/\/www.youtube.com\/@mskglobal","https:\/\/www.instagram.com\/msk.global\/","https:\/\/tr.linkedin.com\/company\/msk-global-elektronik"]}]}},"_links":{"self":[{"href":"https:\/\/videokonferans.net\/index.php?rest_route=\/wp\/v2\/pages\/79","targetHints":{"allow":["GET"]}}],"collection":[{"href":"https:\/\/videokonferans.net\/index.php?rest_route=\/wp\/v2\/pages"}],"about":[{"href":"https:\/\/videokonferans.net\/index.php?rest_route=\/wp\/v2\/types\/page"}],"author":[{"embeddable":true,"href":"https:\/\/videokonferans.net\/index.php?rest_route=\/wp\/v2\/users\/1"}],"replies":[{"embeddable":true,"href":"https:\/\/videokonferans.net\/index.php?rest_route=%2Fwp%2Fv2%2Fcomments&post=79"}],"version-history":[{"count":1,"href":"https:\/\/videokonferans.net\/index.php?rest_route=\/wp\/v2\/pages\/79\/revisions"}],"predecessor-version":[{"id":81,"href":"https:\/\/videokonferans.net\/index.php?rest_route=\/wp\/v2\/pages\/79\/revisions\/81"}],"wp:attachment":[{"href":"https:\/\/videokonferans.net\/index.php?rest_route=%2Fwp%2Fv2%2Fmedia&parent=79"}],"curies":[{"name":"wp","href":"https:\/\/api.w.org\/{rel}","templated":true}]}}